{"id":21,"date":"2013-04-19T16:50:30","date_gmt":"2013-04-19T16:50:30","guid":{"rendered":"http:\/\/buridava.com\/simplissimo\/?page_id=21"},"modified":"2013-09-13T11:40:19","modified_gmt":"2013-09-13T09:40:19","slug":"homepage-version-1","status":"publish","type":"page","link":"https:\/\/panificadorasomosol.com\/web\/","title":{"rendered":"Inicio"},"content":{"rendered":"<div class=\"box clearfix\" style=\"background-color:#fff; padding-top:63px; padding-top:4.5rem; padding-bottom:63px;  padding-bottom:4.5rem\"><section class=\"highlighted-box\">\r\n\t\t\t\t<h2 class=\"h1\"><b>SERVIMOS A<\/b> RESTAURANTES, BARES Y TIENDAS.<\/h2>\r\n\t\t\t\t<p class=\"description\">Tenemos nuestra propia Red de Distribuci\u00f3n.<\/p><a href=\"https:\/\/panificadorasomosol.com\/web\/contactar\/\" target=\"_self\" class=\"button button-left extra-large-button button-theme-style\">Contactar<\/a><\/section><\/div><div style=\"clear:both; height:42px; height:3rem\"><\/div><div class=\"sixcol\"><div class=\"title title-center\"><h2>Gama de Productos<\/h2><span class=\"dot scheme-color-background\"><\/span><i class=icon-user><\/i><span class='second-line'>Nuestros productos son de primera calidad<\/span><div style=\"clear:both; height:21px; height:1.5rem\"><\/div><\/div><div style=\"clear:both;\" class=\"clearfix\"><\/div><div class=\"box clearfix\" style=\"background-color:#fff; padding-top:63px; padding-top:4.5rem; padding-bottom:63px;  padding-bottom:4.5rem\">\n<p>Diferentes tipos de panes seg\u00fan la demanda de nuestros clientes:<\/p>\n<div class=\"progress-bar\">\t<div class=\"progress-bar-content scheme-color-background\" data-percentage=\"50\" style=\"width: 50%\"><\/div>\t<span class=\"progress-bar-title\">Pan de Soja 50%<\/span><\/div><div class=\"progress-bar\">\t<div class=\"progress-bar-content scheme-color-background\" data-percentage=\"50\" style=\"width: 50%\"><\/div>\t<span class=\"progress-bar-title\">Pan Integral 50%<\/span><\/div><div class=\"progress-bar\">\t<div class=\"progress-bar-content scheme-color-background\" data-percentage=\"60\" style=\"width: 60%\"><\/div>\t<span class=\"progress-bar-title\">Pan Alem\u00e1n (multicereales) 60%<\/span><\/div><div class=\"progress-bar\">\t<div class=\"progress-bar-content scheme-color-background\" data-percentage=\"80\" style=\"width: 80%\"><\/div>\t<span class=\"progress-bar-title\">Pan Viena 80%<\/span><\/div><div class=\"progress-bar\">\t<div class=\"progress-bar-content scheme-color-background\" data-percentage=\"80\" style=\"width: 80%\"><\/div>\t<span class=\"progress-bar-title\">Mollete tipo Antequerano 80%<\/span><\/div><div class=\"progress-bar\">\t<div class=\"progress-bar-content scheme-color-background\" data-percentage=\"60\" style=\"width: 60%\"><\/div>\t<span class=\"progress-bar-title\">Pan Cateto de Mijas 60%<\/span><\/div><div class=\"progress-bar\">\t<div class=\"progress-bar-content scheme-color-background\" data-percentage=\"70\" style=\"width: 70%\"><\/div>\t<span class=\"progress-bar-title\">Pan blanco de masa dura 70%<\/span><\/div>\n<\/div><\/div><div class=\"sixcol last\"><div class=\"title title-center\"><h2>SOMOS ESPECIALISTAS!<\/h2><span class=\"dot scheme-color-background\"><\/span><i class=icon-heart><\/i><span class='second-line'>Somos Especialistas en el Pan Cateto de Mijas y el Pan Blanco de Masa Dura.<\/span><div style=\"clear:both; height:21px; height:1.5rem\"><\/div><\/div><div style=\"clear:both;\" class=\"clearfix\"><\/div><div class=\"box clearfix\" style=\"background-color:#fff; padding-top:63px; padding-top:4.5rem; padding-bottom:0px;  padding-bottom:0rem\">\n<p style=\"text-align: center;\"><a href=\"https:\/\/panificadorasomosol.com\/web\/wp-content\/uploads\/2013\/07\/pan-byn.jpg\"><img loading=\"lazy\" decoding=\"async\" class=\"alignnone size-full wp-image-1749\" alt=\"pan-byn\" src=\"https:\/\/panificadorasomosol.com\/web\/wp-content\/uploads\/2013\/07\/pan-byn.jpg\" width=\"480\" height=\"480\" srcset=\"https:\/\/panificadorasomosol.com\/web\/wp-content\/uploads\/2013\/07\/pan-byn.jpg 480w, https:\/\/panificadorasomosol.com\/web\/wp-content\/uploads\/2013\/07\/pan-byn-150x150.jpg 150w, https:\/\/panificadorasomosol.com\/web\/wp-content\/uploads\/2013\/07\/pan-byn-300x300.jpg 300w, https:\/\/panificadorasomosol.com\/web\/wp-content\/uploads\/2013\/07\/pan-byn-125x125.jpg 125w, https:\/\/panificadorasomosol.com\/web\/wp-content\/uploads\/2013\/07\/pan-byn-50x50.jpg 50w\" sizes=\"auto, (max-width: 480px) 100vw, 480px\" \/><\/a><\/p>\n<p>&nbsp;<\/p>\n<p><\/div><\/div><div style=\"clear:both;\" class=\"clearfix\"><\/div>\n<div style=\"clear:both; height:42px; height:3rem\"><\/div>\n<div class=\"title title-center\"><h2>GALER\u00cdA DE FOTOS<\/h2><span class=\"dot scheme-color-background\"><\/span><i class=icon-th><\/i><span class='second-line'>pulsa en la foto para ver nuestra galer\u00eda de panes<\/span><div style=\"clear:both; height:21px; height:1.5rem\"><\/div><\/div><div style=\"clear:both;\" class=\"clearfix\"><\/div><div class=\"box clearfix\" style=\"background-color:#fff; padding-top:63px; padding-top:4.5rem; padding-bottom:63px;  padding-bottom:4.5rem\"><div style=\"clear:both; height:21px; height:1.5rem\"><\/div><ul class=\"selected-work\"><li class=\"selected-work-item cols-4\">\t<div class=\"simplissimo-item-preview\">\r\n\t\t\t\t\t\t\t<div class=\"simplissimo-item-preview-overlay\"><\/div>\r\n\t\t\t\t\t\t\t<div class=\"simplissimo-item-preview-info\">\r\n\t\t\t\t\t\t\t\t<h4 class=\"crop-text\">Panes varios<\/h4>\r\n\t\t\t\t\t\t\t\t<p><a href=\"https:\/\/panificadorasomosol.com\/web\/wp-content\/uploads\/2013\/08\/DSC_0470.jpg\" data-rel=\"prettyPhoto[portfolio_pile]\"><i class=\"icon-plus\"><\/i><\/a><a href=\"https:\/\/panificadorasomosol.com\/web\/portfolio-items\/panes-varios-2\/\" rel=\"bookmark\" title=\"Panes varios\"><i class=\"icon-link\"><\/i><\/a><\/p>\r\n\t\t\t\t\t\t\t<\/div>\r\n\t\t\t\t\t\t\t<img decoding=\"async\" src=\"https:\/\/panificadorasomosol.com\/web\/wp-content\/uploads\/2013\/08\/DSC_0470-400x385.jpg\" class=\"attachment-related-posts size-related-posts wp-post-image\" alt=\"\" \/>\r\n\t\t\t\t\t  \t<\/div><\/li><li class=\"selected-work-item cols-4\">\t<div class=\"simplissimo-item-preview\">\r\n\t\t\t\t\t\t\t<div class=\"simplissimo-item-preview-overlay\"><\/div>\r\n\t\t\t\t\t\t\t<div class=\"simplissimo-item-preview-info\">\r\n\t\t\t\t\t\t\t\t<h4 class=\"crop-text\">Panes varios<\/h4>\r\n\t\t\t\t\t\t\t\t<p><a href=\"https:\/\/panificadorasomosol.com\/web\/wp-content\/uploads\/2013\/07\/DSC_0476.jpg\" data-rel=\"prettyPhoto[portfolio_pile]\"><i class=\"icon-plus\"><\/i><\/a><a href=\"https:\/\/panificadorasomosol.com\/web\/portfolio-items\/panes-varios\/\" rel=\"bookmark\" title=\"Panes varios\"><i class=\"icon-link\"><\/i><\/a><\/p>\r\n\t\t\t\t\t\t\t<\/div>\r\n\t\t\t\t\t\t\t<img decoding=\"async\" src=\"https:\/\/panificadorasomosol.com\/web\/wp-content\/uploads\/2013\/07\/DSC_0476-400x385.jpg\" class=\"attachment-related-posts size-related-posts wp-post-image\" alt=\"\" \/>\r\n\t\t\t\t\t  \t<\/div><\/li><li class=\"selected-work-item cols-4\">\t<div class=\"simplissimo-item-preview\">\r\n\t\t\t\t\t\t\t<div class=\"simplissimo-item-preview-overlay\"><\/div>\r\n\t\t\t\t\t\t\t<div class=\"simplissimo-item-preview-info\">\r\n\t\t\t\t\t\t\t\t<h4 class=\"crop-text\">Cesta de panes<\/h4>\r\n\t\t\t\t\t\t\t\t<p><a href=\"https:\/\/panificadorasomosol.com\/web\/wp-content\/uploads\/2013\/07\/DSC_0480.jpg\" data-rel=\"prettyPhoto[portfolio_pile]\"><i class=\"icon-plus\"><\/i><\/a><a href=\"https:\/\/panificadorasomosol.com\/web\/portfolio-items\/cesta-de-panes-3\/\" rel=\"bookmark\" title=\"Cesta de panes\"><i class=\"icon-link\"><\/i><\/a><\/p>\r\n\t\t\t\t\t\t\t<\/div>\r\n\t\t\t\t\t\t\t<img decoding=\"async\" src=\"https:\/\/panificadorasomosol.com\/web\/wp-content\/uploads\/2013\/07\/DSC_0480-400x385.jpg\" class=\"attachment-related-posts size-related-posts wp-post-image\" alt=\"\" \/>\r\n\t\t\t\t\t  \t<\/div><\/li><li class=\"selected-work-item cols-4\">\t<div class=\"simplissimo-item-preview\">\r\n\t\t\t\t\t\t\t<div class=\"simplissimo-item-preview-overlay\"><\/div>\r\n\t\t\t\t\t\t\t<div class=\"simplissimo-item-preview-info\">\r\n\t\t\t\t\t\t\t\t<h4 class=\"crop-text\">Cesta de panes<\/h4>\r\n\t\t\t\t\t\t\t\t<p><a href=\"https:\/\/panificadorasomosol.com\/web\/wp-content\/uploads\/2013\/07\/DSC_0466.jpg\" data-rel=\"prettyPhoto[portfolio_pile]\"><i class=\"icon-plus\"><\/i><\/a><a href=\"https:\/\/panificadorasomosol.com\/web\/portfolio-items\/cesta-de-panes-2\/\" rel=\"bookmark\" title=\"Cesta de panes\"><i class=\"icon-link\"><\/i><\/a><\/p>\r\n\t\t\t\t\t\t\t<\/div>\r\n\t\t\t\t\t\t\t<img decoding=\"async\" src=\"https:\/\/panificadorasomosol.com\/web\/wp-content\/uploads\/2013\/07\/DSC_0466-400x385.jpg\" class=\"attachment-related-posts size-related-posts wp-post-image\" alt=\"\" \/>\r\n\t\t\t\t\t  \t<\/div><\/li><li class=\"selected-work-item cols-4\">\t<div class=\"simplissimo-item-preview\">\r\n\t\t\t\t\t\t\t<div class=\"simplissimo-item-preview-overlay\"><\/div>\r\n\t\t\t\t\t\t\t<div class=\"simplissimo-item-preview-info\">\r\n\t\t\t\t\t\t\t\t<h4 class=\"crop-text\">Cesta de panes<\/h4>\r\n\t\t\t\t\t\t\t\t<p><a href=\"https:\/\/panificadorasomosol.com\/web\/wp-content\/uploads\/2013\/07\/DSC_0457.jpg\" data-rel=\"prettyPhoto[portfolio_pile]\"><i class=\"icon-plus\"><\/i><\/a><a href=\"https:\/\/panificadorasomosol.com\/web\/portfolio-items\/cesta-de-panes\/\" rel=\"bookmark\" title=\"Cesta de panes\"><i class=\"icon-link\"><\/i><\/a><\/p>\r\n\t\t\t\t\t\t\t<\/div>\r\n\t\t\t\t\t\t\t<img decoding=\"async\" src=\"https:\/\/panificadorasomosol.com\/web\/wp-content\/uploads\/2013\/07\/DSC_0457-400x385.jpg\" class=\"attachment-related-posts size-related-posts wp-post-image\" alt=\"\" \/>\r\n\t\t\t\t\t  \t<\/div><\/li><li class=\"selected-work-item cols-4\">\t<div class=\"simplissimo-item-preview\">\r\n\t\t\t\t\t\t\t<div class=\"simplissimo-item-preview-overlay\"><\/div>\r\n\t\t\t\t\t\t\t<div class=\"simplissimo-item-preview-info\">\r\n\t\t\t\t\t\t\t\t<h4 class=\"crop-text\">Pan de molde blanco y aleman<\/h4>\r\n\t\t\t\t\t\t\t\t<p><a href=\"https:\/\/panificadorasomosol.com\/web\/wp-content\/uploads\/2013\/07\/DSC_0438.jpg\" data-rel=\"prettyPhoto[portfolio_pile]\"><i class=\"icon-plus\"><\/i><\/a><a href=\"https:\/\/panificadorasomosol.com\/web\/portfolio-items\/pan-de-molde-blanco-y-aleman-2\/\" rel=\"bookmark\" title=\"Pan de molde blanco y aleman\"><i class=\"icon-link\"><\/i><\/a><\/p>\r\n\t\t\t\t\t\t\t<\/div>\r\n\t\t\t\t\t\t\t<img decoding=\"async\" src=\"https:\/\/panificadorasomosol.com\/web\/wp-content\/uploads\/2013\/07\/DSC_0438-400x385.jpg\" class=\"attachment-related-posts size-related-posts wp-post-image\" alt=\"\" \/>\r\n\t\t\t\t\t  \t<\/div><\/li><\/ul>\r\n\t\t<script type=\"text\/javascript\">\r\n\t\t\t\/* <![CDATA[ *\/\r\n\t\t\tjQuery(window).load(function() {\r\n\t\t\t\tvar container = jQuery(\".selected-work\");\t\r\n\t\t  \t\tcontainer.isotope({\r\n\t\t\t\t  itemSelector : \".selected-work-item\",\r\n\t\t\t\t  layoutMode:\"fitRows\",\r\n\t\t\t\t  transformsEnabled:true  \r\n\t\t\t\t});\r\n\r\n\t\t\t})\r\n\t\t\t\/* ]]> *\/\r\n\t\t<\/script><\/div><div style=\"clear:both; height:42px; height:3rem\"><\/div><div class=\"title title-center\"><h2>\u00bfPORQU\u00c9 NOSOTROS?<\/h2><span class=\"dot scheme-color-background\"><\/span><i class=icon-align-justify><\/i><span class='second-line'>EL SERVICIO Y LA CALIDAD NOS AVALAN<\/span><div style=\"clear:both; height:21px; height:1.5rem\"><\/div><\/div><div style=\"clear:both;\" class=\"clearfix\"><\/div><div class=\"box clearfix\" style=\"background-color:#fff; padding-top:84px; padding-top:6rem; padding-bottom:63px;  padding-bottom:4.5rem\"><div class=\"fourcol\"><section class=\"info-box\">\r\n            \t<i class=\"info-box-icon scheme-color-text icon-resize-horizontal\"><\/i>\r\n                <h3>ELABORACI\u00d3N DIARIA<\/h3> \r\n                <p>Elaboramos las masas d\u00eda a d\u00eda de forma reciente, sin camaras, sin conservaci\u00f3n previa, ni congelados, ni precocidos.<\/p><\/section><\/div><div class=\"fourcol\"><section class=\"info-box\">\r\n            \t<i class=\"info-box-icon scheme-color-text icon-ok\"><\/i>\r\n                <h3>DISTRIBUCI\u00d3N PROPIA<\/h3> \r\n                <p>Servimos a restaurantes, bares y tiendas ofreciendo adem\u00e1s un tel\u00e9fono de pedidos urgentes 24Hrs. <\/p><\/section><\/div><div class=\"fourcol last\"><section class=\"info-box\">\r\n            \t<i class=\"info-box-icon scheme-color-text icon-cogs\"><\/i>\r\n                <h3>ADAPTACI\u00d3N<\/h3> \r\n                <p>Nos adaptamos a todo tipo de peticiones espec\u00edficas del cliente.<\/p><\/section><\/div><div style=\"clear:both;\" class=\"clearfix\"><\/div><\/div><div style=\"clear:both; height:42px; height:3rem\"><\/div><div class=\"box clearfix\" style=\"background-image:url(https:\/\/panificadorasomosol.com\/web\/wp-content\/uploads\/2013\/08\/logo-def-fondo-1024x819.jpg); background-repeat:repeat; background-position:top left; background-attachment:fixed; background-color:#fff; padding-top:84px; padding-top:6rem; padding-bottom:63px;  padding-bottom:4.5rem\">\n<h1 style=\"text-align: center; color: #fff; padding: 10px 15px; display: table; margin: 0 auto; border: 2px solid #fff;\"><span style=\"color: #003300;\"><span style=\"color: #ffffff; background-color:#B4080B;\">Para Eventos Especiales: Colegios, Fiestas, &#8230;<\/span><br \/>\n<\/span><\/h1>\n<p><\/div><div style=\"clear:both; height:42px; height:3rem\"><\/div><div class=\"title title-center\"><h2>LO QUE DICE LA GENTE DE NOSOTROS<\/h2><span class=\"dot scheme-color-background\"><\/span><i class=icon-quote-right><\/i><span class='second-line'>les encanta nuestro pan<\/span><div style=\"clear:both; height:21px; height:1.5rem\"><\/div><\/div><div style=\"clear:both;\" class=\"clearfix\"><\/div><div class=\"box clearfix\" style=\"background-color:#fff; padding-top:63px; padding-top:4.5rem; padding-bottom:63px;  padding-bottom:4.5rem\"><div class=\"testimonials-container clearfix\"><ul>\n<li class=\"testimonial\"><p>\u00abEstoy muy satisfecho con el servicio de la panader\u00eda el Mije\u00f1o, porque durante todos los a\u00f1os que llevo trabajando con ellos y hasta ahora, no me han fallado en ninguna ocasi\u00f3n.\u00bb<\/p><p class=\"person-name\">- Juan Gomez, Restaurante Gomez -<\/p><\/li>\n<li class=\"testimonial\"><p>\u00abEn mi negocio es muy importante poder contar con una panader\u00eda que ofrezca calidad y adem\u00e1s el servicio urgente que ofrecen no tiene precio.\u00bb<\/p><p class=\"person-name\">- Laura Gonzalez, Pasteler\u00eda Laura -<\/p><\/li>\n<\/ul><\/div>\r\n\t<script type=\"text\/javascript\">\r\n\t\t\/* <![CDATA[ *\/\r\n\t\tjQuery(document).ready(function(){\r\n\t\t  jQuery(\".testimonials-container ul\").bxSlider({\r\n\t\t  \tcontrols:false,\r\n\t\t  \tauto:true,\r\n\t\t  \tautoHover:true,\r\n\t\t  \tpager:false\r\n\t\t  });\r\n\t\t});\r\n\t\t\/* ]]> *\/\r\n\t<\/script>\r\n\t<\/div>\n<div style=\"clear:both; height:42px; height:3rem\"><\/div>\n","protected":false},"excerpt":{"rendered":"","protected":false},"author":2,"featured_media":0,"parent":0,"menu_order":0,"comment_status":"open","ping_status":"closed","template":"","meta":{"footnotes":""},"class_list":["post-21","page","type-page","status-publish","hentry"],"_links":{"self":[{"href":"https:\/\/panificadorasomosol.com\/web\/wp-json\/wp\/v2\/pages\/21","targetHints":{"allow":["GET"]}}],"collection":[{"href":"https:\/\/panificadorasomosol.com\/web\/wp-json\/wp\/v2\/pages"}],"about":[{"href":"https:\/\/panificadorasomosol.com\/web\/wp-json\/wp\/v2\/types\/page"}],"author":[{"embeddable":true,"href":"https:\/\/panificadorasomosol.com\/web\/wp-json\/wp\/v2\/users\/2"}],"replies":[{"embeddable":true,"href":"https:\/\/panificadorasomosol.com\/web\/wp-json\/wp\/v2\/comments?post=21"}],"version-history":[{"count":56,"href":"https:\/\/panificadorasomosol.com\/web\/wp-json\/wp\/v2\/pages\/21\/revisions"}],"predecessor-version":[{"id":1946,"href":"https:\/\/panificadorasomosol.com\/web\/wp-json\/wp\/v2\/pages\/21\/revisions\/1946"}],"wp:attachment":[{"href":"https:\/\/panificadorasomosol.com\/web\/wp-json\/wp\/v2\/media?parent=21"}],"curies":[{"name":"wp","href":"https:\/\/api.w.org\/{rel}","templated":true}]}}